{"id":6322,"date":"2022-03-03T17:48:15","date_gmt":"2022-03-03T17:48:15","guid":{"rendered":"https:\/\/usecase.eng.br\/?page_id=6322"},"modified":"2025-10-13T22:17:37","modified_gmt":"2025-10-13T22:17:37","slug":"solucoes-em-ensaios-nao-destrutivos","status":"publish","type":"page","link":"https:\/\/usecase.eng.br\/index.php\/solucoes-em-ensaios-nao-destrutivos\/","title":{"rendered":"Solu\u00e7\u00f5es Em Ensaios N\u00e3o Destrutivos"},"content":{"rendered":"[vc_row type=&#8221;full_width_background&#8221; full_screen_row_position=&#8221;middle&#8221; column_margin=&#8221;default&#8221; column_direction=&#8221;default&#8221; column_direction_tablet=&#8221;default&#8221; column_direction_phone=&#8221;default&#8221; bg_color=&#8221;#ffffff&#8221; bg_image=&#8221;6236&#8243; bg_position=&#8221;center center&#8221; background_image_loading=&#8221;default&#8221; bg_repeat=&#8221;no-repeat&#8221; scene_position=&#8221;center&#8221; top_padding=&#8221;1&#8243; bottom_padding=&#8221;1&#8243; text_color=&#8221;light&#8221; text_align=&#8221;left&#8221; row_border_radius=&#8221;none&#8221; row_border_radius_applies=&#8221;bg&#8221; enable_gradient=&#8221;true&#8221; color_overlay=&#8221;#000000&#8243; color_overlay_2=&#8221;#123add&#8221; overlay_strength=&#8221;0.8&#8243; gradient_direction=&#8221;left_b_to_right_t&#8221; shape_divider_position=&#8221;bottom&#8221; bg_image_animation=&#8221;zoom-out-slow&#8221; shape_type=&#8221;&#8221;][vc_column column_padding=&#8221;no-extra-padding&#8221; column_padding_tablet=&#8221;inherit&#8221; column_padding_phone=&#8221;inherit&#8221; column_padding_position=&#8221;all&#8221; column_element_spacing=&#8221;default&#8221; background_color_opacity=&#8221;1&#8243; background_hover_color_opacity=&#8221;1&#8243; column_shadow=&#8221;none&#8221; column_border_radius=&#8221;none&#8221; column_link_target=&#8221;_self&#8221; gradient_direction=&#8221;left_to_right&#8221; overlay_strength=&#8221;0.3&#8243; width=&#8221;1\/1&#8243; tablet_width_inherit=&#8221;default&#8221; tablet_text_alignment=&#8221;default&#8221; phone_text_alignment=&#8221;default&#8221; bg_image_animation=&#8221;none&#8221; border_type=&#8221;simple&#8221; column_border_width=&#8221;none&#8221; column_border_style=&#8221;solid&#8221;][vc_row_inner column_margin=&#8221;default&#8221; column_direction=&#8221;default&#8221; column_direction_tablet=&#8221;default&#8221; column_direction_phone=&#8221;default&#8221; top_padding=&#8221;12%&#8221; bottom_padding=&#8221;12%&#8221; text_align=&#8221;left&#8221;][vc_column_inner column_padding=&#8221;no-extra-padding&#8221; column_padding_tablet=&#8221;inherit&#8221; column_padding_phone=&#8221;inherit&#8221; column_padding_position=&#8221;all&#8221; column_element_spacing=&#8221;default&#8221; background_color_opacity=&#8221;1&#8243; background_hover_color_opacity=&#8221;1&#8243; column_shadow=&#8221;none&#8221; column_border_radius=&#8221;none&#8221; column_link_target=&#8221;_self&#8221; gradient_direction=&#8221;left_to_right&#8221; overlay_strength=&#8221;0.3&#8243; width=&#8221;1\/6&#8243; tablet_width_inherit=&#8221;default&#8221; bg_image_animation=&#8221;none&#8221; border_type=&#8221;simple&#8221; column_border_width=&#8221;none&#8221; column_border_style=&#8221;solid&#8221;][\/vc_column_inner][vc_column_inner column_padding=&#8221;no-extra-padding&#8221; column_padding_tablet=&#8221;inherit&#8221; column_padding_phone=&#8221;inherit&#8221; column_padding_position=&#8221;all&#8221; column_element_spacing=&#8221;default&#8221; centered_text=&#8221;true&#8221; background_color_opacity=&#8221;1&#8243; background_hover_color_opacity=&#8221;1&#8243; column_shadow=&#8221;none&#8221; column_border_radius=&#8221;none&#8221; column_link_target=&#8221;_self&#8221; gradient_direction=&#8221;left_to_right&#8221; overlay_strength=&#8221;0.3&#8243; width=&#8221;2\/3&#8243; tablet_width_inherit=&#8221;default&#8221; bg_image_animation=&#8221;zoom-out-high&#8221; enable_animation=&#8221;true&#8221; animation=&#8221;grow-in&#8221; border_type=&#8221;simple&#8221; column_border_width=&#8221;none&#8221; column_border_style=&#8221;solid&#8221;][vc_column_text css_animation=&#8221;fadeInUp&#8221; css=&#8221;.vc_custom_1646326340169{margin-bottom: 15px !important;}&#8221;]\n<h5 style=\"text-align: center;\"><b>Nossos Servi\u00e7os<\/b><\/h5>\n[\/vc_column_text][split_line_heading animation_type=&#8221;default&#8221;]\n<h2 style=\"text-align: center;\">Solu\u00e7\u00f5es Em Ensaios N\u00e3o Destrutivos<\/h2>\n[\/split_line_heading][\/vc_column_inner][vc_column_inner column_padding=&#8221;no-extra-padding&#8221; column_padding_tablet=&#8221;inherit&#8221; column_padding_phone=&#8221;inherit&#8221; column_padding_position=&#8221;all&#8221; column_element_spacing=&#8221;default&#8221; background_color_opacity=&#8221;1&#8243; background_hover_color_opacity=&#8221;1&#8243; column_shadow=&#8221;none&#8221; column_border_radius=&#8221;none&#8221; column_link_target=&#8221;_self&#8221; gradient_direction=&#8221;left_to_right&#8221; overlay_strength=&#8221;0.3&#8243; width=&#8221;1\/6&#8243; tablet_width_inherit=&#8221;default&#8221; bg_image_animation=&#8221;none&#8221; border_type=&#8221;simple&#8221; column_border_width=&#8221;none&#8221; column_border_style=&#8221;solid&#8221;][\/vc_column_inner][\/vc_row_inner][\/vc_column][\/vc_row][vc_row type=&#8221;in_container&#8221; full_screen_row_position=&#8221;middle&#8221; column_margin=&#8221;default&#8221; column_direction=&#8221;default&#8221; column_direction_tablet=&#8221;default&#8221; column_direction_phone=&#8221;default&#8221; scene_position=&#8221;center&#8221; text_color=&#8221;dark&#8221; text_align=&#8221;left&#8221; row_border_radius=&#8221;none&#8221; row_border_radius_applies=&#8221;bg&#8221; overlay_strength=&#8221;0.3&#8243; gradient_direction=&#8221;left_to_right&#8221; shape_divider_position=&#8221;bottom&#8221; bg_image_animation=&#8221;none&#8221;][vc_column column_padding=&#8221;no-extra-padding&#8221; column_padding_tablet=&#8221;inherit&#8221; column_padding_phone=&#8221;inherit&#8221; column_padding_position=&#8221;all&#8221; column_element_spacing=&#8221;default&#8221; background_color_opacity=&#8221;1&#8243; background_hover_color_opacity=&#8221;1&#8243; column_shadow=&#8221;none&#8221; column_border_radius=&#8221;none&#8221; column_link_target=&#8221;_self&#8221; gradient_direction=&#8221;left_to_right&#8221; overlay_strength=&#8221;0.3&#8243; width=&#8221;1\/2&#8243; tablet_width_inherit=&#8221;default&#8221; tablet_text_alignment=&#8221;default&#8221; phone_text_alignment=&#8221;default&#8221; bg_image_animation=&#8221;none&#8221; border_type=&#8221;simple&#8221; column_border_width=&#8221;none&#8221; column_border_style=&#8221;solid&#8221;][divider line_type=&#8221;No Line&#8221; custom_height=&#8221;80px&#8221;][nectar_highlighted_text color_type=&#8221;regular&#8221; style=&#8221;half_text&#8221;]\n<h3>Ensaios Convencionais<\/h3>\n[\/nectar_highlighted_text][divider line_type=&#8221;No Line&#8221; custom_height=&#8221;50px&#8221;][nectar_icon_list animate=&#8221;true&#8221; color=&#8221;default&#8221; direction=&#8221;vertical&#8221; icon_size=&#8221;small&#8221; icon_style=&#8221;border&#8221;][nectar_icon_list_item icon_type=&#8221;numerical&#8221; text_full_html=&#8221;simple&#8221; title=&#8221;List Item&#8221; id=&#8221;1760393837736-7&#8243; header=&#8221;Medi\u00e7\u00e3o de Espessura (A-Scan e B-Scan)&#8221; tab_id=&#8221;1760393837736-1&#8243;][\/nectar_icon_list_item][nectar_icon_list_item icon_type=&#8221;numerical&#8221; text_full_html=&#8221;simple&#8221; title=&#8221;List Item&#8221; id=&#8221;1760393837743-10&#8243; header=&#8221;L\u00edquidos Penetrantes&#8221; tab_id=&#8221;1760393837743-2&#8243; text=&#8221;(Tubos, Tubula\u00e7\u00f5es, Coletores, Vasos, etc.)&#8221;][\/nectar_icon_list_item][nectar_icon_list_item icon_type=&#8221;numerical&#8221; text_full_html=&#8221;simple&#8221; title=&#8221;List Item&#8221; id=&#8221;1760393837747-10&#8243; header=&#8221;Part\u00edculas Magn\u00e9ticas&#8221; tab_id=&#8221;1760393837748-6&#8243;][\/nectar_icon_list_item][nectar_icon_list_item icon_type=&#8221;numerical&#8221; text_full_html=&#8221;simple&#8221; title=&#8221;List Item&#8221; id=&#8221;1760393837752-4&#8243; header=&#8221;Ultrassom (em chapas e soldas)&#8221; tab_id=&#8221;1760393837752-3&#8243; text=&#8221;(Vasos de Press\u00e3o, Tanques, Bal\u00f5es, etc.)&#8221;][\/nectar_icon_list_item][\/nectar_icon_list][divider line_type=&#8221;No Line&#8221; custom_height=&#8221;50px&#8221;][\/vc_column][vc_column column_padding=&#8221;no-extra-padding&#8221; column_padding_tablet=&#8221;inherit&#8221; column_padding_phone=&#8221;inherit&#8221; column_padding_position=&#8221;all&#8221; column_element_spacing=&#8221;default&#8221; background_color_opacity=&#8221;1&#8243; background_hover_color_opacity=&#8221;1&#8243; column_shadow=&#8221;none&#8221; column_border_radius=&#8221;none&#8221; column_link_target=&#8221;_self&#8221; gradient_direction=&#8221;left_to_right&#8221; overlay_strength=&#8221;0.3&#8243; width=&#8221;1\/2&#8243; tablet_width_inherit=&#8221;default&#8221; tablet_text_alignment=&#8221;default&#8221; phone_text_alignment=&#8221;default&#8221; bg_image_animation=&#8221;none&#8221; border_type=&#8221;simple&#8221; column_border_width=&#8221;none&#8221; column_border_style=&#8221;solid&#8221;][divider line_type=&#8221;No Line&#8221; custom_height=&#8221;80px&#8221;][nectar_highlighted_text color_type=&#8221;regular&#8221; style=&#8221;half_text&#8221;]\n<h3>Ensaios N\u00e3o Convencionais<\/h3>\n[\/nectar_highlighted_text][divider line_type=&#8221;No Line&#8221; custom_height=&#8221;50px&#8221;][nectar_icon_list animate=&#8221;true&#8221; color=&#8221;default&#8221; direction=&#8221;vertical&#8221; icon_size=&#8221;small&#8221; icon_style=&#8221;border&#8221;][nectar_icon_list_item icon_type=&#8221;numerical&#8221; text_full_html=&#8221;simple&#8221; title=&#8221;List Item&#8221; id=&#8221;1760393837778-5&#8243; header=&#8221;Inspe\u00e7\u00e3o Visual por Drone&#8221; tab_id=&#8221;1760393837778-10&#8243; text=&#8221;(Torre, Chamin\u00e9s, Estruturas)&#8221;][\/nectar_icon_list_item][nectar_icon_list_item icon_type=&#8221;numerical&#8221; text_full_html=&#8221;simple&#8221; title=&#8221;List Item&#8221; id=&#8221;1760393837782-10&#8243; header=&#8221;Endoscopia&#8221; tab_id=&#8221;1760393837782-5&#8243; text=&#8221;(Tubos, Tubula\u00e7\u00f5es, Coletores, Vasos, etc.)&#8221;][\/nectar_icon_list_item][nectar_icon_list_item icon_type=&#8221;numerical&#8221; text_full_html=&#8221;simple&#8221; title=&#8221;List Item&#8221; id=&#8221;1760393837787-9&#8243; header=&#8221;Phased Array (Soldas)&#8221; tab_id=&#8221;1760393837788-0&#8243;][\/nectar_icon_list_item][nectar_icon_list_item icon_type=&#8221;numerical&#8221; text_full_html=&#8221;simple&#8221; title=&#8221;List Item&#8221; id=&#8221;1760393837792-3&#8243; header=&#8221;Emiss\u00e3o Ac\u00fastica&#8221; tab_id=&#8221;1760393837793-7&#8243; text=&#8221;(Vasos de Press\u00e3o, Tanques, Bal\u00f5es, etc.)&#8221;][\/nectar_icon_list_item][nectar_icon_list_item icon_type=&#8221;numerical&#8221; text_full_html=&#8221;simple&#8221; title=&#8221;List Item&#8221; id=&#8221;1760393837801-9&#8243; header=&#8221;IRIS&#8221; tab_id=&#8221;1760393837801-9&#8243; text=&#8221;(Tubos de Trocadores de Calor)&#8221;][\/nectar_icon_list_item][nectar_icon_list_item icon_type=&#8221;numerical&#8221; text_full_html=&#8221;simple&#8221; title=&#8221;List Item&#8221; id=&#8221;1760393837808-6&#8243; header=&#8221;Correntes Parasitas&#8221; tab_id=&#8221;1760393837808-5&#8243; text=&#8221;(Tubos de Trocadores de Calor)&#8221;][\/nectar_icon_list_item][nectar_icon_list_item icon_type=&#8221;numerical&#8221; text_full_html=&#8221;simple&#8221; title=&#8221;List Item&#8221; id=&#8221;1760393837811-9&#8243; header=&#8221;ACFM&#8221; tab_id=&#8221;1760393837812-4&#8243; text=&#8221;(Soldas)&#8221;][\/nectar_icon_list_item][\/nectar_icon_list][divider line_type=&#8221;No Line&#8221; custom_height=&#8221;50px&#8221;][\/vc_column][\/vc_row][vc_row type=&#8221;full_width_background&#8221; full_screen_row_position=&#8221;middle&#8221; column_margin=&#8221;default&#8221; equal_height=&#8221;yes&#8221; content_placement=&#8221;middle&#8221; column_direction=&#8221;default&#8221; column_direction_tablet=&#8221;default&#8221; column_direction_phone=&#8221;default&#8221; bg_image=&#8221;6243&#8243; bg_position=&#8221;center center&#8221; background_image_loading=&#8221;default&#8221; bg_repeat=&#8221;no-repeat&#8221; scene_position=&#8221;center&#8221; top_padding=&#8221;5%&#8221; bottom_padding=&#8221;5%&#8221; text_color=&#8221;light&#8221; text_align=&#8221;left&#8221; row_border_radius=&#8221;none&#8221; row_border_radius_applies=&#8221;bg&#8221; color_overlay=&#8221;rgba(0,0,0,0.84)&#8221; color_overlay_2=&#8221;#0197d3&#8243; overlay_strength=&#8221;0.8&#8243; gradient_direction=&#8221;left_to_right&#8221; shape_divider_position=&#8221;bottom&#8221; bg_image_animation=&#8221;none&#8221; shape_type=&#8221;&#8221;][vc_column column_padding=&#8221;no-extra-padding&#8221; column_padding_tablet=&#8221;inherit&#8221; column_padding_phone=&#8221;inherit&#8221; column_padding_position=&#8221;all&#8221; column_element_spacing=&#8221;default&#8221; background_color_opacity=&#8221;1&#8243; background_hover_color_opacity=&#8221;1&#8243; column_shadow=&#8221;none&#8221; column_border_radius=&#8221;none&#8221; column_link_target=&#8221;_self&#8221; gradient_direction=&#8221;left_to_right&#8221; overlay_strength=&#8221;0.3&#8243; width=&#8221;1\/1&#8243; tablet_width_inherit=&#8221;default&#8221; tablet_text_alignment=&#8221;default&#8221; phone_text_alignment=&#8221;default&#8221; bg_image_animation=&#8221;none&#8221; border_type=&#8221;simple&#8221; column_border_width=&#8221;none&#8221; column_border_style=&#8221;solid&#8221;][vc_row_inner column_margin=&#8221;default&#8221; column_direction=&#8221;default&#8221; column_direction_tablet=&#8221;default&#8221; column_direction_phone=&#8221;default&#8221; text_align=&#8221;left&#8221;][vc_column_inner column_padding=&#8221;no-extra-padding&#8221; column_padding_tablet=&#8221;inherit&#8221; column_padding_phone=&#8221;inherit&#8221; column_padding_position=&#8221;all&#8221; column_element_spacing=&#8221;default&#8221; background_color_opacity=&#8221;1&#8243; background_hover_color_opacity=&#8221;1&#8243; column_shadow=&#8221;none&#8221; column_border_radius=&#8221;none&#8221; column_link_target=&#8221;_self&#8221; gradient_direction=&#8221;left_to_right&#8221; overlay_strength=&#8221;0.3&#8243; width=&#8221;1\/6&#8243; tablet_width_inherit=&#8221;default&#8221; bg_image_animation=&#8221;none&#8221; border_type=&#8221;simple&#8221; column_border_width=&#8221;none&#8221; column_border_style=&#8221;solid&#8221;][\/vc_column_inner][vc_column_inner column_padding=&#8221;padding-2-percent&#8221; column_padding_tablet=&#8221;inherit&#8221; column_padding_phone=&#8221;inherit&#8221; column_padding_position=&#8221;left-right&#8221; column_element_spacing=&#8221;default&#8221; centered_text=&#8221;true&#8221; background_color_opacity=&#8221;1&#8243; background_hover_color_opacity=&#8221;1&#8243; column_shadow=&#8221;none&#8221; column_border_radius=&#8221;none&#8221; column_link_target=&#8221;_self&#8221; gradient_direction=&#8221;left_to_right&#8221; overlay_strength=&#8221;0.3&#8243; width=&#8221;2\/3&#8243; tablet_width_inherit=&#8221;default&#8221; bg_image_animation=&#8221;none&#8221; border_type=&#8221;simple&#8221; column_border_width=&#8221;none&#8221; column_border_style=&#8221;solid&#8221;][vc_custom_heading text=&#8221;Quer saber mais?&#8221; font_container=&#8221;tag:h2|font_size:52|text_align:center|line_height:52px&#8221; use_theme_fonts=&#8221;yes&#8221;][divider line_type=&#8221;No Line&#8221; custom_height=&#8221;5&#8243;][vc_custom_heading text=&#8221;Solicite uma cota\u00e7\u00e3o para o seu projeto&#8221; font_container=&#8221;tag:p|font_size:18|text_align:center|color:rgba(255%2C255%2C255%2C0.7)|line_height:26px&#8221; use_theme_fonts=&#8221;yes&#8221; css=&#8221;.vc_custom_1646237534967{margin-top: 10px !important;margin-bottom: 10px !important;}&#8221;][nectar_btn size=&#8221;jumbo&#8221; button_style=&#8221;regular&#8221; button_color_2=&#8221;Accent-Color&#8221; icon_family=&#8221;default_arrow&#8221; url=&#8221;https:\/\/usecase.eng.br\/index.php\/contato\/&#8221; text=&#8221;Quero fazer uma cota\u00e7\u00e3o&#8221; margin_top=&#8221;5&#8243;][\/vc_column_inner][vc_column_inner column_padding=&#8221;no-extra-padding&#8221; column_padding_tablet=&#8221;inherit&#8221; column_padding_phone=&#8221;inherit&#8221; column_padding_position=&#8221;all&#8221; column_element_spacing=&#8221;default&#8221; background_color_opacity=&#8221;1&#8243; background_hover_color_opacity=&#8221;1&#8243; column_shadow=&#8221;none&#8221; column_border_radius=&#8221;none&#8221; column_link_target=&#8221;_self&#8221; gradient_direction=&#8221;left_to_right&#8221; overlay_strength=&#8221;0.3&#8243; width=&#8221;1\/6&#8243; tablet_width_inherit=&#8221;default&#8221; bg_image_animation=&#8221;none&#8221; border_type=&#8221;simple&#8221; column_border_width=&#8221;none&#8221; column_border_style=&#8221;solid&#8221;][\/vc_column_inner][\/vc_row_inner][\/vc_column][\/vc_row]\n","protected":false},"excerpt":{"rendered":"<p>[vc_row type=&#8221;full_width_background&#8221; full_screen_row_position=&#8221;middle&#8221; column_margin=&#8221;default&#8221; column_direction=&#8221;default&#8221; column_direction_tablet=&#8221;default&#8221; column_direction_phone=&#8221;default&#8221; bg_color=&#8221;#ffffff&#8221; bg_image=&#8221;6236&#8243; bg_position=&#8221;center center&#8221; background_image_loading=&#8221;default&#8221; bg_repeat=&#8221;no-repeat&#8221; scene_position=&#8221;center&#8221; top_padding=&#8221;1&#8243;&#8230;<\/p>\n","protected":false},"author":1,"featured_media":0,"parent":0,"menu_order":0,"comment_status":"closed","ping_status":"closed","template":"","meta":{"footnotes":""},"class_list":["post-6322","page","type-page","status-publish"],"_links":{"self":[{"href":"https:\/\/usecase.eng.br\/index.php\/wp-json\/wp\/v2\/pages\/6322","targetHints":{"allow":["GET"]}}],"collection":[{"href":"https:\/\/usecase.eng.br\/index.php\/wp-json\/wp\/v2\/pages"}],"about":[{"href":"https:\/\/usecase.eng.br\/index.php\/wp-json\/wp\/v2\/types\/page"}],"author":[{"embeddable":true,"href":"https:\/\/usecase.eng.br\/index.php\/wp-json\/wp\/v2\/users\/1"}],"replies":[{"embeddable":true,"href":"https:\/\/usecase.eng.br\/index.php\/wp-json\/wp\/v2\/comments?post=6322"}],"version-history":[{"count":15,"href":"https:\/\/usecase.eng.br\/index.php\/wp-json\/wp\/v2\/pages\/6322\/revisions"}],"predecessor-version":[{"id":6444,"href":"https:\/\/usecase.eng.br\/index.php\/wp-json\/wp\/v2\/pages\/6322\/revisions\/6444"}],"wp:attachment":[{"href":"https:\/\/usecase.eng.br\/index.php\/wp-json\/wp\/v2\/media?parent=6322"}],"curies":[{"name":"wp","href":"https:\/\/api.w.org\/{rel}","templated":true}]}}